{"id":1006,"date":"2021-07-12T09:19:59","date_gmt":"2021-07-12T12:19:59","guid":{"rendered":"http:\/\/site.institutobemcultural.org.br\/?page_id=1006"},"modified":"2024-12-12T17:27:51","modified_gmt":"2024-12-12T20:27:51","slug":"museu-nacional-honestino-guimaraes","status":"publish","type":"page","link":"https:\/\/institutobemcultural.org.br\/index.php\/museu-nacional-honestino-guimaraes\/","title":{"rendered":"Museu Educativo"},"content":{"rendered":"[vc_row][vc_column][vc_empty_space height=&#8221;1em&#8221;][\/vc_column][\/vc_row][vc_row][vc_column el_class=&#8221;p-0&#8243;][vc_column_text]\n<h1 class=\"special-title display-4\"><a href=\"http:\/\/www.museueducativo.com.br\" target=\"_blank\" rel=\"noopener\">Museu Educativo<\/a><\/h1>\n<p>Projeto Museu Educativo<\/p>\n<p>O Instituto Bem Cultural-IBC prospectou e elaborou uma tecnologia educacional voltada para a disponibiliza\u00e7\u00e3o de conte\u00fados para um inovador programa educativo virtual.<\/p>\n<p>A concep\u00e7\u00e3o dessas ferramentas e metodologias foram feitas em di\u00e1logo e pesquisas com representantes do universo de Museus, estudantes, professores, arte-educadores de museus, dentre outros.<\/p>\n<p>Foi pensado um programa in\u00e9dito de MEDIA\u00c7\u00c3O VIRTUAL com acesso aos acervos dos MUSEUS com interatividade, e facilidade para todos os equipamentos MOBILE.<\/p>\n<p>O projeto disponibiliza esta plataforma virtual, com novas metodologias em arte-educa\u00e7\u00e3o, utilizando ferramentas da comunica\u00e7\u00e3o contempor\u00e2neas.<\/p>\n<p>O MUSEU NACIONAL DA REP\u00daBLICA e a Funda\u00e7\u00e3o Athos Bulc\u00e3o, ambos em Bras\u00edlia-DF e a Funda\u00e7\u00e3o Marcos Amaro \u2013 FAMA, em Itu-S\u00e3o Paulo j\u00e1 utilizam nossa plataforma.<\/p>\n<p>Aproveitem, naveguem e curtam o maravilhoso mundo da ARTE EDUCA\u00c7\u00c3O !!!<\/p>\n<p>Clique abaixo e siga para o site do Museu Educativo.<\/p>\n<p><a href=\"https:\/\/mnr.museueducativo.com.br\/?landing_page=true\" target=\"_blank\" rel=\"noopener\">Museu Educativo<\/a>[\/vc_column_text][\/vc_column][\/vc_row]\n","protected":false},"excerpt":{"rendered":"<p>[vc_row][vc_column][vc_empty_space height=&#8221;1em&#8221;][\/vc_column][\/vc_row][vc_row][vc_column el_class=&#8221;p-0&#8243;][vc_column_text] Museu Educativo Projeto Museu Educativo O Instituto Bem Cultural-IBC prospectou e elaborou uma tecnologia educacional voltada para a disponibiliza\u00e7\u00e3o de conte\u00fados para um inovador programa educativo virtual. A concep\u00e7\u00e3o dessas ferramentas e metodologias foram feitas em di\u00e1logo e pesquisas com representantes do universo de Museus, estudantes, professores, arte-educadores de museus, dentre outros. Foi pensado um programa in\u00e9dito [&hellip;]<\/p>\n","protected":false},"author":1,"featured_media":0,"parent":0,"menu_order":0,"comment_status":"closed","ping_status":"closed","template":"","meta":{"footnotes":"","_links_to":"","_links_to_target":""},"_links":{"self":[{"href":"https:\/\/institutobemcultural.org.br\/index.php\/wp-json\/wp\/v2\/pages\/1006"}],"collection":[{"href":"https:\/\/institutobemcultural.org.br\/index.php\/wp-json\/wp\/v2\/pages"}],"about":[{"href":"https:\/\/institutobemcultural.org.br\/index.php\/wp-json\/wp\/v2\/types\/page"}],"author":[{"embeddable":true,"href":"https:\/\/institutobemcultural.org.br\/index.php\/wp-json\/wp\/v2\/users\/1"}],"replies":[{"embeddable":true,"href":"https:\/\/institutobemcultural.org.br\/index.php\/wp-json\/wp\/v2\/comments?post=1006"}],"version-history":[{"count":11,"href":"https:\/\/institutobemcultural.org.br\/index.php\/wp-json\/wp\/v2\/pages\/1006\/revisions"}],"predecessor-version":[{"id":2428,"href":"https:\/\/institutobemcultural.org.br\/index.php\/wp-json\/wp\/v2\/pages\/1006\/revisions\/2428"}],"wp:attachment":[{"href":"https:\/\/institutobemcultural.org.br\/index.php\/wp-json\/wp\/v2\/media?parent=1006"}],"curies":[{"name":"wp","href":"https:\/\/api.w.org\/{rel}","templated":true}]}}